{"id":17044,"date":"2025-12-28T21:01:02","date_gmt":"2025-12-28T20:01:02","guid":{"rendered":"https:\/\/smarthomesolutions-mt.de\/?page_id=17044"},"modified":"2025-12-28T21:21:20","modified_gmt":"2025-12-28T20:21:20","slug":"smarte-lichtsteuerung-trifft-alarmanlage","status":"publish","type":"page","link":"https:\/\/smarthomesolutions-mt.de\/?page_id=17044","title":{"rendered":"Smarte Lichtsteuerung trifft Alarmanlage"},"content":{"rendered":"\t\t<div data-elementor-type=\"wp-page\" data-elementor-id=\"17044\" class=\"elementor elementor-17044\">\n\t\t\t\t\t\t<section class=\"elementor-section elementor-top-section elementor-element elementor-element-f980ded elementor-section-full_width elementor-section-height-default elementor-section-height-default\" data-id=\"f980ded\" data-element_type=\"section\" data-e-type=\"section\">\n\t\t\t\t\t\t<div class=\"elementor-container elementor-column-gap-no\">\n\t\t\t\t\t<div class=\"elementor-column elementor-col-100 elementor-top-column elementor-element elementor-element-f461186\" data-id=\"f461186\" data-element_type=\"column\" data-e-type=\"column\">\n\t\t\t<div class=\"elementor-widget-wrap elementor-element-populated\">\n\t\t\t\t\t\t<div class=\"elementor-element elementor-element-3017d14 elementor-widget elementor-widget-spacer\" data-id=\"3017d14\" data-element_type=\"widget\" data-e-type=\"widget\" data-widget_type=\"spacer.default\">\n\t\t\t\t<div class=\"elementor-widget-container\">\n\t\t\t\t\t\t\t<div class=\"elementor-spacer\">\n\t\t\t<div class=\"elementor-spacer-inner\"><\/div>\n\t\t<\/div>\n\t\t\t\t\t\t<\/div>\n\t\t\t\t<\/div>\n\t\t\t\t<div class=\"elementor-element elementor-element-0da8386 elementor-widget elementor-widget-slider_revolution\" data-id=\"0da8386\" data-element_type=\"widget\" data-e-type=\"widget\" data-widget_type=\"slider_revolution.default\">\n\t\t\t\t<div class=\"elementor-widget-container\">\n\t\t\t\t\t\n\t\t<div class=\"wp-block-themepunch-revslider\">\n\t\t\t<!-- START lichtsteuerung REVOLUTION SLIDER 6.7.40 --><p class=\"rs-p-wp-fix\"><\/p>\n\t\t\t<rs-module-wrap id=\"rev_slider_40_1_wrapper\" data-source=\"gallery\" style=\"visibility:hidden;background:transparent;padding:0;margin:0px auto;margin-top:0;margin-bottom:0;\">\n\t\t\t\t<rs-module id=\"rev_slider_40_1\" style=\"\" data-version=\"6.7.40\">\n\t\t\t\t\t<rs-slides style=\"overflow: hidden; position: absolute;\">\n\t\t\t\t\t\t<rs-slide style=\"position: absolute;\" data-key=\"rs-57\" data-title=\"Slide\" data-in=\"o:0;\" data-out=\"a:false;\">\n\t\t\t\t\t\t\t<img fetchpriority=\"high\" decoding=\"async\" src=\"\/\/smarthomesolutions-mt.de\/wp-content\/plugins\/revslider\/sr6\/assets\/assets\/dummy.png\" alt=\"\" title=\"slider2.jpg\" width=\"1920\" height=\"950\" class=\"rev-slidebg tp-rs-img rs-lazyload\" data-lazyload=\"\/\/smarthomesolutions-mt.de\/wp-content\/uploads\/revslider\/slider-1-12\/slider2.jpg\" data-no-retina>\n<!--\n\t\t\t\t\t\t\t--><rs-group\n\t\t\t\t\t\t\t\tid=\"slider-40-slide-57-layer-0\" \n\t\t\t\t\t\t\t\tdata-type=\"group\"\n\t\t\t\t\t\t\t\tdata-rsp_ch=\"on\"\n\t\t\t\t\t\t\t\tdata-xy=\"xo:3px,5px,5px,6px;y:m;yo:1px,0,0,0;\"\n\t\t\t\t\t\t\t\tdata-text=\"w:normal;s:20,16,12,7;l:0,20,15,9;\"\n\t\t\t\t\t\t\t\tdata-dim=\"w:1160px,957px,636px,464px;h:428px,353px,351px,304px;\"\n\t\t\t\t\t\t\t\tdata-frame_0=\"o:1;\"\n\t\t\t\t\t\t\t\tdata-frame_999=\"o:0;st:w;sR:8700;sA:9000;\"\n\t\t\t\t\t\t\t\tstyle=\"z-index:6;\"\n\t\t\t\t\t\t\t><!--\n\t\t\t\t\t\t\t\t--><rs-layer\n\t\t\t\t\t\t\t\t\tid=\"slider-40-slide-57-layer-4\" \n\t\t\t\t\t\t\t\t\tdata-type=\"text\"\n\t\t\t\t\t\t\t\t\tdata-color=\"#ff3c00\"\n\t\t\t\t\t\t\t\t\tdata-rsp_ch=\"on\"\n\t\t\t\t\t\t\t\t\tdata-xy=\"xo:-2px,99px,84px,68px;yo:194px,193px,149px,92px;\"\n\t\t\t\t\t\t\t\t\tdata-pos=\"a\"\n\t\t\t\t\t\t\t\t\tdata-text=\"w:normal;s:60,52,45,35;l:65,57,51,38;fw:700;\"\n\t\t\t\t\t\t\t\t\tdata-basealign=\"group\"\n\t\t\t\t\t\t\t\t\tdata-frame_0=\"y:100%;\"\n\t\t\t\t\t\t\t\t\tdata-frame_0_mask=\"u:t;\"\n\t\t\t\t\t\t\t\t\tdata-frame_1=\"st:580;sp:1200;sR:580;\"\n\t\t\t\t\t\t\t\t\tdata-frame_1_mask=\"u:t;\"\n\t\t\t\t\t\t\t\t\tdata-frame_999=\"o:0;st:w;sR:7220;\"\n\t\t\t\t\t\t\t\t\tstyle=\"z-index:7;font-family:'Fira Sans';\"\n\t\t\t\t\t\t\t\t>Alarmanlage \n\t\t\t\t\t\t\t\t<\/rs-layer><!--\n\n\t\t\t\t\t\t\t\t--><rs-layer\n\t\t\t\t\t\t\t\t\tid=\"slider-40-slide-57-layer-2\" \n\t\t\t\t\t\t\t\t\tdata-type=\"text\"\n\t\t\t\t\t\t\t\t\tdata-rsp_ch=\"on\"\n\t\t\t\t\t\t\t\t\tdata-xy=\"yo:89px,73px,64px,52px;\"\n\t\t\t\t\t\t\t\t\tdata-pos=\"a\"\n\t\t\t\t\t\t\t\t\tdata-text=\"w:normal;s:60,52,45,35;l:65,56,51,41;fw:700;\"\n\t\t\t\t\t\t\t\t\tdata-basealign=\"group\"\n\t\t\t\t\t\t\t\t\tdata-frame_0=\"y:100%;\"\n\t\t\t\t\t\t\t\t\tdata-frame_0_mask=\"u:t;\"\n\t\t\t\t\t\t\t\t\tdata-frame_1=\"st:220;sp:1200;sR:220;\"\n\t\t\t\t\t\t\t\t\tdata-frame_1_mask=\"u:t;\"\n\t\t\t\t\t\t\t\t\tdata-frame_999=\"o:0;st:w;sR:7580;\"\n\t\t\t\t\t\t\t\t\tstyle=\"z-index:6;font-family:'Fira Sans';\"\n\t\t\t\t\t\t\t\t>Smarte Lichtsteuerung trifft \n\t\t\t\t\t\t\t\t<\/rs-layer><!--\n\t\t\t\t\t\t\t--><\/rs-group><!--\n-->\t\t\t\t\t<\/rs-slide>\n\t\t\t\t\t<\/rs-slides>\n\t\t\t\t<\/rs-module>\n\t\t\t\t<script>\n\t\t\t\t\tsetREVStartSize({c: 'rev_slider_40_1',rl:[1240,1024,778,480],el:[800,767,960,720],gw:[1240,1024,778,480],gh:[800,768,960,720],type:'standard',justify:'',layout:'fullwidth',mh:\"0\"});if (window.RS_MODULES!==undefined && window.RS_MODULES.modules!==undefined && window.RS_MODULES.modules[\"revslider401\"]!==undefined) {window.RS_MODULES.modules[\"revslider401\"].once = false;window.revapi40 = undefined;if (window.RS_MODULES.checkMinimal!==undefined) window.RS_MODULES.checkMinimal()}\n\t\t\t\t<\/script>\n\t\t\t<\/rs-module-wrap>\n\t\t\t<!-- END REVOLUTION SLIDER -->\n<\/div>\n\n\t\t\t\t\t\t<\/div>\n\t\t\t\t<\/div>\n\t\t\t\t\t<\/div>\n\t\t<\/div>\n\t\t\t\t\t<\/div>\n\t\t<\/section>\n\t\t\t\t<section class=\"elementor-section elementor-top-section elementor-element elementor-element-7dfb7b6 elementor-section-boxed elementor-section-height-default elementor-section-height-default\" data-id=\"7dfb7b6\" data-element_type=\"section\" data-e-type=\"section\">\n\t\t\t\t\t\t<div class=\"elementor-container elementor-column-gap-default\">\n\t\t\t\t\t<div class=\"elementor-column elementor-col-100 elementor-top-column elementor-element elementor-element-75bd91f\" data-id=\"75bd91f\" data-element_type=\"column\" data-e-type=\"column\">\n\t\t\t<div class=\"elementor-widget-wrap\">\n\t\t\t\t\t\t\t<\/div>\n\t\t<\/div>\n\t\t\t\t\t<\/div>\n\t\t<\/section>\n\t\t\t\t<section class=\"elementor-section elementor-top-section elementor-element elementor-element-d71e627 elementor-section-boxed elementor-section-height-default elementor-section-height-default\" data-id=\"d71e627\" data-element_type=\"section\" data-e-type=\"section\">\n\t\t\t\t\t\t<div class=\"elementor-container elementor-column-gap-default\">\n\t\t\t\t\t<div class=\"elementor-column elementor-col-100 elementor-top-column elementor-element elementor-element-9b1cdc1\" data-id=\"9b1cdc1\" data-element_type=\"column\" data-e-type=\"column\">\n\t\t\t<div class=\"elementor-widget-wrap elementor-element-populated\">\n\t\t\t\t\t\t<div class=\"elementor-element elementor-element-853f533 elementor-widget elementor-widget-sectiontitle\" data-id=\"853f533\" data-element_type=\"widget\" data-e-type=\"widget\" data-widget_type=\"sectiontitle.default\">\n\t\t\t\t<div class=\"elementor-widget-container\">\n\t\t\t\t\t\r\n\t\t\t\t<div class=\"\">\r\n\t\t\t<div class=\"section-title t_left\">\r\n\t\t\t\t<h5>\/\/ Smarte Lichtsteuerung trifft Alarmanlage<\/h5>\r\n\t\t\t\t<div class=\"title\">\r\n\t\t\t\t    <h3>WLED \u00d7 Nuki \u00d7 Homematic  - mein Smart-Home <\/h3>\r\n\t\t\t\t    <h2><span>Upgrade<\/span><\/h2>\r\n\t\t\t\t<\/div>\r\n\t\t\t\t\t\t\t\r\n\t\t\t\t<div class=\"bar-main\">\r\n\t\t\t\t\t<div class=\"bar bar-big\"><\/div>\r\n\t\t\t\t<\/div>\r\n\t\t\t\t\t\t\t\t<p>Ich wollte in meinem Zuhause ein System installieren, das nicht nur smart ist, sondern sich auch smart anf\u00fchlt. <br><br>\n\nMein Ziel:\nEine Alarmanlage (Homematic), die automatisch \u00fcber ein Nuki T\u00fcrschloss gesteuert wird \u2013 ganz ohne nervige Fernbedienung.<br>\nUnd weil Technik nicht nur funktionieren, sondern auch gut aussehen soll, kam noch eine Idee dazu:<br><br>\n\ud83d\udc49 Eine indirekte Flurbeleuchtung, die den Status der Alarmanlage visuell darstellt.\n<br><br>\n\nDas Ergebnis?<br>\n\n\ud83d\udd34 Extern scharf \u2192 Rot\n<br>\n\ud83d\udfe0 Intern scharf \u2192 Orange\n<br>\n\ud83d\udfe2 Alarmanlage aus \u2192 Gr\u00fcn\n<br><br>\nAber wie habe ich das Ganze umgesetzt?\n<br><br>\n<h4>Die Idee dahinter<\/h4>\n\n\nDie Homematic-Alarmanlage war bereits vorhanden \u2013 inklusive Pr\u00e4senzmelder, Innen- und Au\u00dfensirene.<br>\nDas Problem: Sie wurde bisher per Fernbedienung gesteuert. Und ganz ehrlich: Das hat mich ziemlich genervt.<br><br>\n\nIch wollte ein System, das:<br>\n\n- automatisch reagiert<br>\n\n- logisch aufgebaut ist<br>\n\n- sich perfekt in den Alltag integriert<br>\n\n- und mir auf einen Blick zeigt, was gerade Sache ist. Nat\u00fcrlich nur wenn eine gewisse Lux Zahl unterschritten wurde.<br><br>\n\nDie L\u00f6sung:<b> Nuki + WLED + ioBroker + Homematic \ud83d\udd25<\/b><br><br>\n\n<h4>Technische Umsetzung<\/h4>\n\ud83d\udd27 Material:<br><br>\n\n- Akustikpaneele<br>\n\n- LED-Profile inkl. Abdeckung<br>\n\n- LED-Band<br>\n\n- Netzteil<br>\n\n- WLED-Controller<br><br>\n\nDie Homematic-Komponenten waren \u2013 wie gesagt \u2013 schon da.<br><br>\n\n<h4>Schritt f\u00fcr Schritt zum Smart-Flur<\/h4>\n1\ufe0f\u20e3 Akustikpaneele & LED-Design<br><br>\n\nIm ersten Step habe ich die Akustikpaneele testweise im Flur installiert.\nDanach ging es an die LEDs:\nIch wollte bewusst <b>kein gerades, langweiliges Muster<\/b>, sondern <b>random angeordnete LED-B\u00e4nder<\/b> \u2013 modern, individuell, smart.<br><br>\n\n2\ufe0f\u20e3 L\u00f6ten, kleben, fluchen \ud83d\ude05<br><br>\n\nDanach kamen die LED-Teile:<br><br>\n\n- LED-Profile einkleben<br>\n\n- LED-B\u00e4nder aufbringen<br>\n\n- alles verl\u00f6ten<br>\n\n- WLED-Controller anschlie\u00dfen<br><br>\n\nKlingt simpel \u2013<b> war aber eine ziemliche Fummelei<\/b>.\nGerade das Verlegen und L\u00f6ten der B\u00e4nder hat Zeit (und Nerven) gekostet. Aber: Es hat sich gelohnt.<br><br>\n\n3\ufe0f\u20e3 WLED Presets<br><br>\n\nNach der finalen Montage der Akustikpaneele habe ich in WLED verschiedene Presets erstellt:<br><br>\n\n- unterschiedliche Bandl\u00e4ngen<br>\n\n- feste Farben f\u00fcr die Alarmstatus<br>\n\n- klare visuelle Zust\u00e4nde<br><br>\n\nSo wusste ich: Egal was passiert \u2013 der Flur zeigt es mir sofort.<br><br>\n\n<h4>ioBroker, Nuki & Homematic \u2013 alles spricht miteinander<\/h4>\n\n\u00dcber den WLED-Adapter im ioBroker konnte ich problemlos auf die Lichtsteuerung zugreifen.\nBis hierhin lief alles perfekt \u2013 und dann kam das Highlight:<br><br>\n\n\ud83d\udd10 Nuki Smart Lock Pro 5 T\u00fcrschloss<br><br>\n\nDie Installation war kinderleicht \u2013 und ich feiere dieses Teil total.\nNach der App-Konfiguration (u. a. MQTT) konnte ich:<br><br>\n\n- den T\u00fcrstatus<br>\n\n- und die Sperrart (extern \/ intern \/ offen)\ndirekt im ioBroker auslesen.<br><br>\n\n\u2757 Wichtig f\u00fcr mich:\n\u201eExtern scharf\u201c darf nur \u00fcber das Nuki Keypad aktiviert werden.\n\nDaf\u00fcr habe ich ein Blockly-Script erstellt, das genau diesen Status auswertet.<br><br>\n\n<h4>Alles greift ineinander<\/h4>\n\nMithilfe des Nuki-Status:<br>\n\n- schalte ich die Homematic-Alarmanlage<br>\n\n- \u00fcber eine Systemvariable, die an die CCU \u00fcbertragen wird<br><br>\n\nUnd weil diese Variable ohnehin vorhanden ist, war es ein Leichtes, auch die Lichtsteuerung daran zu koppeln.<br><br>\n\n\ud83d\udc49 T\u00fcr abschlie\u00dfen = Alarmanlage scharf<br>\n\ud83d\udc49 Alarmstatus \u00e4ndern = Lichtfarbe \u00e4ndert sich<br>\n\ud83d\udc49 Ein Blick in den Flur = alles klar<br><br>\n\n<h4>Fazit<\/h4>\n\nDieses Projekt zeigt perfekt, was ein gutes Smart Home ausmacht:<br>\n\n- Automatisierung statt Fernbedienung<br>\n\n- Visuelles Feedback statt App-Chaos<br>\n\n- Technik, die nicht st\u00f6rt \u2013 sondern begeistert<br><br>\n\n<b>Smarte Lichtsteuerung + Alarmanlage + T\u00fcrschloss = ein System, das einfach Sinn macht.<\/b><br><br>\n\nWenn du auch Bock auf ein Smart Home hast, das nicht nur funktioniert, sondern sich richtig gut anf\u00fchlt \u2013 dann ist genau das der richtige Weg \ud83d\udd25\ud83d\udca1<br><br>\n\nWenn du Fragen zu diesem Projekt hast oder etwas genauer wissen m\u00f6chtest,\nkannst du jederzeit gerne nachfragen.<\/p>\r\n\t\t\t<\/div>\t\r\n\t\t<\/div>\r\n\t\t\r\n\t\t\t\t\t<\/div>\n\t\t\t\t<\/div>\n\t\t\t\t\t<\/div>\n\t\t<\/div>\n\t\t\t\t\t<\/div>\n\t\t<\/section>\n\t\t<div class=\"elementor-element elementor-element-1dffd0a e-flex e-con-boxed e-con e-parent\" data-id=\"1dffd0a\" data-element_type=\"container\" data-e-type=\"container\">\n\t\t\t\t\t<div class=\"e-con-inner\">\n\t\t\t\t<div class=\"elementor-element elementor-element-7f616f4 elementor-arrows-position-inside elementor-pagination-position-outside elementor-invisible elementor-widget elementor-widget-image-carousel\" data-id=\"7f616f4\" data-element_type=\"widget\" data-e-type=\"widget\" data-settings=\"{&quot;slides_to_show&quot;:&quot;2&quot;,&quot;_animation&quot;:&quot;wobble&quot;,&quot;navigation&quot;:&quot;both&quot;,&quot;autoplay&quot;:&quot;yes&quot;,&quot;pause_on_hover&quot;:&quot;yes&quot;,&quot;pause_on_interaction&quot;:&quot;yes&quot;,&quot;autoplay_speed&quot;:5000,&quot;infinite&quot;:&quot;yes&quot;,&quot;speed&quot;:500}\" data-widget_type=\"image-carousel.default\">\n\t\t\t\t<div class=\"elementor-widget-container\">\n\t\t\t\t\t\t\t<div class=\"elementor-image-carousel-wrapper swiper\" role=\"region\" aria-roledescription=\"carousel\" aria-label=\"Lichtsteuerung\" dir=\"ltr\">\n\t\t\t<div class=\"elementor-image-carousel swiper-wrapper\" aria-live=\"off\">\n\t\t\t\t\t\t\t\t<div class=\"swiper-slide\" role=\"group\" aria-roledescription=\"slide\" aria-label=\"1 von 3\"><a data-elementor-open-lightbox=\"yes\" data-elementor-lightbox-slideshow=\"7f616f4\" data-elementor-lightbox-title=\"Intern Scharf\" data-e-action-hash=\"#elementor-action%3Aaction%3Dlightbox%26settings%3DeyJpZCI6MTcwNTcsInVybCI6Imh0dHBzOlwvXC9zbWFydGhvbWVzb2x1dGlvbnMtbXQuZGVcL3dwLWNvbnRlbnRcL3VwbG9hZHNcLzIwMjVcLzEyXC9JTUdfMjAyNTEyMjhfMjExMzE4LXNjYWxlZC5qcGciLCJzbGlkZXNob3ciOiI3ZjYxNmY0In0%3D\" href=\"https:\/\/smarthomesolutions-mt.de\/wp-content\/uploads\/2025\/12\/IMG_20251228_211318-scaled.jpg\"><figure class=\"swiper-slide-inner\"><img decoding=\"async\" class=\"swiper-slide-image\" src=\"https:\/\/smarthomesolutions-mt.de\/wp-content\/uploads\/2025\/12\/IMG_20251228_211318-450x450.jpg\" alt=\"Intern Scharf\" \/><figcaption class=\"elementor-image-carousel-caption\">Intern Scharf<\/figcaption><\/figure><\/a><\/div><div class=\"swiper-slide\" role=\"group\" aria-roledescription=\"slide\" aria-label=\"2 von 3\"><a data-elementor-open-lightbox=\"yes\" data-elementor-lightbox-slideshow=\"7f616f4\" data-elementor-lightbox-title=\"Extern Scharf\" data-e-action-hash=\"#elementor-action%3Aaction%3Dlightbox%26settings%3DeyJpZCI6MTcwNTgsInVybCI6Imh0dHBzOlwvXC9zbWFydGhvbWVzb2x1dGlvbnMtbXQuZGVcL3dwLWNvbnRlbnRcL3VwbG9hZHNcLzIwMjVcLzEyXC9JTUdfMjAyNTEyMjhfMjExMzI4LXNjYWxlZC5qcGciLCJzbGlkZXNob3ciOiI3ZjYxNmY0In0%3D\" href=\"https:\/\/smarthomesolutions-mt.de\/wp-content\/uploads\/2025\/12\/IMG_20251228_211328-scaled.jpg\"><figure class=\"swiper-slide-inner\"><img decoding=\"async\" class=\"swiper-slide-image\" src=\"https:\/\/smarthomesolutions-mt.de\/wp-content\/uploads\/2025\/12\/IMG_20251228_211328-450x450.jpg\" alt=\"Extern Scharf\" \/><figcaption class=\"elementor-image-carousel-caption\">Extern Scharf<\/figcaption><\/figure><\/a><\/div><div class=\"swiper-slide\" role=\"group\" aria-roledescription=\"slide\" aria-label=\"3 von 3\"><a data-elementor-open-lightbox=\"yes\" data-elementor-lightbox-slideshow=\"7f616f4\" data-elementor-lightbox-title=\"Alarmanlage Aus\" data-e-action-hash=\"#elementor-action%3Aaction%3Dlightbox%26settings%3DeyJpZCI6MTcwNTksInVybCI6Imh0dHBzOlwvXC9zbWFydGhvbWVzb2x1dGlvbnMtbXQuZGVcL3dwLWNvbnRlbnRcL3VwbG9hZHNcLzIwMjVcLzEyXC9JTUdfMjAyNTEyMjhfMjExMjUxLXNjYWxlZC5qcGciLCJzbGlkZXNob3ciOiI3ZjYxNmY0In0%3D\" href=\"https:\/\/smarthomesolutions-mt.de\/wp-content\/uploads\/2025\/12\/IMG_20251228_211251-scaled.jpg\"><figure class=\"swiper-slide-inner\"><img decoding=\"async\" class=\"swiper-slide-image\" src=\"https:\/\/smarthomesolutions-mt.de\/wp-content\/uploads\/2025\/12\/IMG_20251228_211251-450x450.jpg\" alt=\"Alarmanlage Aus\" \/><figcaption class=\"elementor-image-carousel-caption\">Alarmanlage Aus<\/figcaption><\/figure><\/a><\/div>\t\t\t<\/div>\n\t\t\t\t\t\t\t\t\t\t\t\t<div class=\"elementor-swiper-button elementor-swiper-button-prev\" role=\"button\" tabindex=\"0\">\n\t\t\t\t\t\t<svg aria-hidden=\"true\" class=\"e-font-icon-svg e-eicon-chevron-left\" viewBox=\"0 0 1000 1000\" xmlns=\"http:\/\/www.w3.org\/2000\/svg\"><path d=\"M646 125C629 125 613 133 604 142L308 442C296 454 292 471 292 487 292 504 296 521 308 533L604 854C617 867 629 875 646 875 663 875 679 871 692 858 704 846 713 829 713 812 713 796 708 779 692 767L438 487 692 225C700 217 708 204 708 187 708 171 704 154 692 142 675 129 663 125 646 125Z\"><\/path><\/svg>\t\t\t\t\t<\/div>\n\t\t\t\t\t<div class=\"elementor-swiper-button elementor-swiper-button-next\" role=\"button\" tabindex=\"0\">\n\t\t\t\t\t\t<svg aria-hidden=\"true\" class=\"e-font-icon-svg e-eicon-chevron-right\" viewBox=\"0 0 1000 1000\" xmlns=\"http:\/\/www.w3.org\/2000\/svg\"><path d=\"M696 533C708 521 713 504 713 487 713 471 708 454 696 446L400 146C388 133 375 125 354 125 338 125 325 129 313 142 300 154 292 171 292 187 292 204 296 221 308 233L563 492 304 771C292 783 288 800 288 817 288 833 296 850 308 863 321 871 338 875 354 875 371 875 388 867 400 854L696 533Z\"><\/path><\/svg>\t\t\t\t\t<\/div>\n\t\t\t\t\n\t\t\t\t\t\t\t\t\t<div class=\"swiper-pagination\"><\/div>\n\t\t\t\t\t\t\t\t\t<\/div>\n\t\t\t\t\t\t<\/div>\n\t\t\t\t<\/div>\n\t\t\t\t\t<\/div>\n\t\t\t\t<\/div>\n\t\t<div class=\"elementor-element elementor-element-ba5866e e-flex e-con-boxed e-con e-parent\" data-id=\"ba5866e\" data-element_type=\"container\" data-e-type=\"container\">\n\t\t\t\t\t<div class=\"e-con-inner\">\n\t\t\t\t<div class=\"elementor-element elementor-element-aaae014 elementor-widget elementor-widget-spacer\" data-id=\"aaae014\" data-element_type=\"widget\" data-e-type=\"widget\" data-widget_type=\"spacer.default\">\n\t\t\t\t<div class=\"elementor-widget-container\">\n\t\t\t\t\t\t\t<div class=\"elementor-spacer\">\n\t\t\t<div class=\"elementor-spacer-inner\"><\/div>\n\t\t<\/div>\n\t\t\t\t\t\t<\/div>\n\t\t\t\t<\/div>\n\t\t\t\t\t<\/div>\n\t\t\t\t<\/div>\n\t\t\t\t<\/div>\n\t\t","protected":false},"excerpt":{"rendered":"<p>\/\/ Smarte Lichtsteuerung trifft Alarmanlage WLED \u00d7 Nuki \u00d7 Homematic &#8211; mein Smart-Home Upgrade Ich wollte in meinem Zuhause ein System installieren, das nicht nur smart ist, sondern sich auch smart anf\u00fchlt. Mein Ziel: Eine Alarmanlage (Homematic), die automatisch \u00fcber ein Nuki T\u00fcrschloss gesteuert wird \u2013 ganz ohne nervige Fernbedienung. Und weil Technik nicht nur [&hellip;]<\/p>\n","protected":false},"author":1,"featured_media":0,"parent":0,"menu_order":0,"comment_status":"closed","ping_status":"closed","template":"page-templates\/template-default.php","meta":{"footnotes":""},"class_list":["post-17044","page","type-page","status-publish","hentry"],"_links":{"self":[{"href":"https:\/\/smarthomesolutions-mt.de\/index.php?rest_route=\/wp\/v2\/pages\/17044","targetHints":{"allow":["GET"]}}],"collection":[{"href":"https:\/\/smarthomesolutions-mt.de\/index.php?rest_route=\/wp\/v2\/pages"}],"about":[{"href":"https:\/\/smarthomesolutions-mt.de\/index.php?rest_route=\/wp\/v2\/types\/page"}],"author":[{"embeddable":true,"href":"https:\/\/smarthomesolutions-mt.de\/index.php?rest_route=\/wp\/v2\/users\/1"}],"replies":[{"embeddable":true,"href":"https:\/\/smarthomesolutions-mt.de\/index.php?rest_route=%2Fwp%2Fv2%2Fcomments&post=17044"}],"version-history":[{"count":16,"href":"https:\/\/smarthomesolutions-mt.de\/index.php?rest_route=\/wp\/v2\/pages\/17044\/revisions"}],"predecessor-version":[{"id":17066,"href":"https:\/\/smarthomesolutions-mt.de\/index.php?rest_route=\/wp\/v2\/pages\/17044\/revisions\/17066"}],"wp:attachment":[{"href":"https:\/\/smarthomesolutions-mt.de\/index.php?rest_route=%2Fwp%2Fv2%2Fmedia&parent=17044"}],"curies":[{"name":"wp","href":"https:\/\/api.w.org\/{rel}","templated":true}]}}